{"id":10488,"date":"2025-02-24T22:48:33","date_gmt":"2025-02-24T22:48:33","guid":{"rendered":"https:\/\/buenaventura.com\/conozca-nuestra-mina\/login\/"},"modified":"2026-02-19T18:02:20","modified_gmt":"2026-02-19T18:02:20","slug":"login","status":"publish","type":"page","link":"https:\/\/visita.buenaventura.com\/en\/","title":{"rendered":"Login"},"content":{"rendered":"<div data-elementor-type=\"wp-page\" data-elementor-id=\"10488\" class=\"elementor elementor-10488\" data-elementor-post-type=\"page\">\n\t\t\t\t<div class=\"has_ae_slider elementor-element elementor-element-ed64c10 e-con-full e-flex ae-bg-gallery-type-default e-con e-parent\" data-dce-background-image-url=\"https:\/\/dyp.yjc.mybluehost.me\/conozca-nuestra-mina\/wp-content\/uploads\/2025\/02\/Header-1-1.jpg\" data-id=\"ed64c10\" data-element_type=\"container\" data-settings=\"{&quot;background_background&quot;:&quot;classic&quot;}\">\n\t\t<div class=\"has_ae_slider elementor-element elementor-element-3fc970f e-con-full e-flex ae-bg-gallery-type-default e-con e-child\" data-id=\"3fc970f\" data-element_type=\"container\">\n\t\t\t\t<div class=\"elementor-element elementor-element-9697468 elementor-widget elementor-widget-heading\" data-id=\"9697468\" data-element_type=\"widget\" data-widget_type=\"heading.default\">\n\t\t\t\t<div class=\"elementor-widget-container\">\n\t\t\t\t\t<h2 class=\"elementor-heading-title elementor-size-default\">Visit our mine<\/h2>\t\t\t\t<\/div>\n\t\t\t\t<\/div>\n\t\t\t\t<\/div>\n\t\t<div class=\"has_ae_slider elementor-element elementor-element-d06c9cf e-con-full elementor-hidden-mobile e-flex ae-bg-gallery-type-default e-con e-child\" data-id=\"d06c9cf\" data-element_type=\"container\">\n\t\t\t\t<\/div>\n\t\t\t\t<\/div>\n\t\t<div class=\"has_ae_slider elementor-element elementor-element-36cf986 e-flex e-con-boxed ae-bg-gallery-type-default e-con e-parent\" data-id=\"36cf986\" data-element_type=\"container\">\n\t\t\t\t\t<div class=\"e-con-inner\">\n\t\t<div class=\"has_ae_slider elementor-element elementor-element-1d0dd5f e-con-full e-flex ae-bg-gallery-type-default e-con e-child\" data-id=\"1d0dd5f\" data-element_type=\"container\">\n\t\t\t\t<div class=\"elementor-element elementor-element-661b14b elementor-widget elementor-widget-text-editor\" data-id=\"661b14b\" data-element_type=\"widget\" data-widget_type=\"text-editor.default\">\n\t\t\t\t<div class=\"elementor-widget-container\">\n\t\t\t\t\t\t\t\t\t<div class=\"text\">Enter your document type and number to check if you already have an induction certificate. If not, you must take the Visitor Health and Safety Induction.<\/div><div>\u00a0<\/div><div class=\"text\">This induction is intended only for individuals who will be temporarily visiting Buenaventura's facilities, units, and projects, and who will not have an employment or contractual relationship with the company or its subsidiaries or affiliates.<\/div><div>\u00a0<\/div><div class=\"text\">Si no estas seguro de qu\u00e9 es una visita te invitamos a ver el <a class=\"linked-simple\" href=\"https:\/\/es.slideshare.net\/slideshow\/visitasotrabajadorconceptolegal2019pptx\/260292683?utm_source=clipboard_share_button&amp;utm_campaign=slideshare_make_sharing_viral_v2&amp;utm_variation=variant&amp;utm_medium=share\" target=\"_blank\" rel=\"noopener\">next PPT.<\/a><\/div>\t\t\t\t\t\t\t\t<\/div>\n\t\t\t\t<\/div>\n\t\t\t\t<div class=\"elementor-element elementor-element-779fe17 elementor-widget elementor-widget-button\" data-id=\"779fe17\" data-element_type=\"widget\" data-widget_type=\"button.default\">\n\t\t\t\t<div class=\"elementor-widget-container\">\n\t\t\t\t\t\t\t\t\t<div class=\"elementor-button-wrapper\">\n\t\t\t\t\t<a class=\"elementor-button elementor-button-link elementor-size-sm\" href=\"https:\/\/buenaventura.com\/sostenibilidad\">\n\t\t\t\t\t\t<span class=\"elementor-button-content-wrapper\">\n\t\t\t\t\t\t\t\t\t<span class=\"elementor-button-text\">Go back<\/span>\n\t\t\t\t\t<\/span>\n\t\t\t\t\t<\/a>\n\t\t\t\t<\/div>\n\t\t\t\t\t\t\t\t<\/div>\n\t\t\t\t<\/div>\n\t\t\t\t<\/div>\n\t\t<div class=\"has_ae_slider elementor-element elementor-element-919c91f e-con-full e-flex ae-bg-gallery-type-default e-con e-child\" data-id=\"919c91f\" data-element_type=\"container\">\n\t\t\t\t<div class=\"elementor-element elementor-element-37d0e5f elementor-widget elementor-widget-heading\" data-id=\"37d0e5f\" data-element_type=\"widget\" data-widget_type=\"heading.default\">\n\t\t\t\t<div class=\"elementor-widget-container\">\n\t\t\t\t\t<h2 class=\"elementor-heading-title elementor-size-default\">DATA CONSULTATION AND REGISTRATION<\/h2>\t\t\t\t<\/div>\n\t\t\t\t<\/div>\n\t\t\t\t<div class=\"elementor-element elementor-element-2daa37cc elementor-widget elementor-widget-shortcode\" data-id=\"2daa37cc\" data-element_type=\"widget\" data-widget_type=\"shortcode.default\">\n\t\t\t\t<div class=\"elementor-widget-container\">\n\t\t\t\t\t\t\t<div class=\"elementor-shortcode\">\n<div class=\"um um-login um-10484\">\n\t<div class=\"um-form\">\n\t\t<form method=\"post\" action=\"\" autocomplete=\"off\" data-trp-original-action=\"\">\n\t\t\t<div class=\"um-row _um_row_1\" style=\"margin: 0 0 30px 0;\"><div class=\"um-col-1\"><div  id=\"um_field_10484_username\" class=\"um-field um-field-text  um-field-username um-field-text um-field-type_text\" data-key=\"username\"><div class=\"um-field-label\"><label for=\"username-10484\">Nombre de usuario o correo<\/label><div class=\"um-clear\"><\/div><\/div><div class=\"um-field-area\"><input  autocomplete=\"off\" class=\"um-form-field valid\" type=\"text\" name=\"username-10484\" id=\"username-10484\" value=\"\" placeholder=\"\" data-validate=\"\" data-key=\"username\"  aria-invalid=\"false\" \/>\n\n\t\t\t\t\t\t<\/div><\/div><div  id=\"um_field_10484_user_password\" class=\"um-field um-field-password  um-field-user_password um-field-password um-field-type_password\" data-key=\"user_password\"><div class=\"um-field-label\"><label for=\"user_password-10484\">Clave<\/label><div class=\"um-clear\"><\/div><\/div><div class=\"um-field-area\"><input class=\"um-form-field valid\" type=\"password\" name=\"user_password-10484\" id=\"user_password-10484\" value=\"\" placeholder=\"\" data-validate=\"\" data-key=\"user_password\"  aria-invalid=\"false\" \/>\n\n\t\t\t\t\t\t\t<\/div><\/div><\/div><\/div>\t<input type=\"hidden\" name=\"form_id\" id=\"form_id_10484\" value=\"10484\" \/>\n\t\t<p class=\"um_request_name\">\n\t\t<label for=\"um_request_10484\">Only fill in if you are not human<\/label>\n\t\t<input type=\"hidden\" name=\"um_request\" id=\"um_request_10484\" class=\"input\" value=\"\" size=\"25\" autocomplete=\"off\" \/>\n\t<\/p>\n\t<input type=\"hidden\" id=\"_wpnonce\" name=\"_wpnonce\" value=\"2ca01bd36b\" \/><input type=\"hidden\" name=\"_wp_http_referer\" value=\"\/en\/wp-json\/wp\/v2\/pages\/10488\" \/>\n\t<div class=\"um-col-alt\">\n\n\t\t\n\n\t\t\t<div class=\"um-field um-field-c\">\n\t\t\t\t<div class=\"um-field-area\">\n\t\t\t\t\t<label class=\"um-field-checkbox\">\n\t\t\t\t\t\t<input type=\"checkbox\" name=\"rememberme\" value=\"1\"  \/>\n\t\t\t\t\t\t<span class=\"um-field-checkbox-state\"><i class=\"um-icon-android-checkbox-outline-blank\"><\/i><\/span>\n\t\t\t\t\t\t<span class=\"um-field-checkbox-option\"> Keep me signed in<\/span>\n\t\t\t\t\t<\/label>\n\t\t\t\t<\/div>\n\t\t\t<\/div>\n\n\t\t\t\t\t\t<div class=\"um-clear\"><\/div>\n\t\t\n\t\t\t<div class=\"um-left um-half\">\n\t\t\t\t<input type=\"submit\" value=\"Login\" class=\"um-button\" id=\"um-submit-btn\" \/>\n\t\t\t<\/div>\n\t\t\t<div class=\"um-right um-half\">\n\t\t\t\t<a href=\"https:\/\/visita.buenaventura.com\/en\/register\/\" class=\"um-button um-alt\">\n\t\t\t\t\tRegister\t\t\t\t<\/a>\n\t\t\t<\/div>\n\n\t\t\n\t\t<div class=\"um-clear\"><\/div>\n\n\t<\/div>\n\n\t\n\t<div class=\"um-col-alt-b\">\n\t\t<a href=\"https:\/\/visita.buenaventura.com\/en\/password-reset\/\" class=\"um-link-alt\">\n\t\t\tForgot your password?\t\t<\/a>\n\t<\/div>\n\n\t\t\t<input type=\"hidden\" name=\"trp-form-language\" value=\"en\"\/><\/form>\n\t<\/div>\n<\/div>\n<style>\n\t\t\t.um-10484.um {\n\t\t\tmax-width: 450px;\n\t\t}\n\t\t<\/style>\n<\/div>\n\t\t\t\t\t\t<\/div>\n\t\t\t\t<\/div>\n\t\t<!-- dce invisible element 92b557c -->\t\t<\/div>\n\t\t\t\t\t<\/div>\n\t\t\t\t<\/div>\n\t\t\t\t<\/div>","protected":false},"excerpt":{"rendered":"<p>Visita nuestra mina Ingresa tu tipo de documento y el n\u00famero para verificar si ya cuentas con certificado de inducci\u00f3n. En caso contrario, deber\u00e1s rendir la Inducci\u00f3n de Seguridad y Salud para Visitantes.\u00a0Esta inducci\u00f3n est\u00e1 dirigida solo a las personas que visitar\u00e1n temporalmente las instalaciones, unidades y proyectos de Buenaventura, y que no tendr\u00e1n v\u00ednculo [&hellip;]<\/p>\n","protected":false},"author":1,"featured_media":0,"parent":0,"menu_order":0,"comment_status":"closed","ping_status":"closed","template":"elementor_header_footer","meta":{"footnotes":""},"class_list":["post-10488","page","type-page","status-publish","hentry"],"acf":[],"_links":{"self":[{"href":"https:\/\/visita.buenaventura.com\/en\/wp-json\/wp\/v2\/pages\/10488","targetHints":{"allow":["GET"]}}],"collection":[{"href":"https:\/\/visita.buenaventura.com\/en\/wp-json\/wp\/v2\/pages"}],"about":[{"href":"https:\/\/visita.buenaventura.com\/en\/wp-json\/wp\/v2\/types\/page"}],"author":[{"embeddable":true,"href":"https:\/\/visita.buenaventura.com\/en\/wp-json\/wp\/v2\/users\/1"}],"replies":[{"embeddable":true,"href":"https:\/\/visita.buenaventura.com\/en\/wp-json\/wp\/v2\/comments?post=10488"}],"version-history":[{"count":27,"href":"https:\/\/visita.buenaventura.com\/en\/wp-json\/wp\/v2\/pages\/10488\/revisions"}],"predecessor-version":[{"id":10748,"href":"https:\/\/visita.buenaventura.com\/en\/wp-json\/wp\/v2\/pages\/10488\/revisions\/10748"}],"wp:attachment":[{"href":"https:\/\/visita.buenaventura.com\/en\/wp-json\/wp\/v2\/media?parent=10488"}],"curies":[{"name":"wp","href":"https:\/\/api.w.org\/{rel}","templated":true}]}}